{"id":6062,"date":"2023-03-21T09:59:59","date_gmt":"2023-03-21T08:59:59","guid":{"rendered":"https:\/\/www.barakabike.es\/?page_id=6062"},"modified":"2025-05-19T20:56:32","modified_gmt":"2025-05-19T18:56:32","slug":"unete-al-club-eskola","status":"publish","type":"page","link":"https:\/\/www.barakabike.es\/eu\/unete-al-club-eskola\/","title":{"rendered":"Klubean edo Eskolan alta emateko eskaera"},"content":{"rendered":"<p><strong>Ongi etorri KLUBEAN ETA ESKOLAN SARTZEKO ESKAERA orrira.<\/strong><\/p>\n<p><strong>Klubean bazkide<\/strong> gisa sartzeko <strong>adin nagusikoa<\/strong> izan behar duzu eta Baraka Bike Txirrindulari Klubeko Bazkide Taldea aukeratu behar duzu.<\/p>\n<p><strong>Bike Eskolan<\/strong> sartzeko, ekipoetako bat aukeratu eta formularioa bete beharko duzu <strong>adingabearen<\/strong> datuekin.<\/p>\n<p><strong>2024-25 denboraldia<\/strong><\/p>\n<ul>\n<li>Haurrak (2019-18)<\/li>\n<li>Benjaminak (2017-16)<\/li>\n<li>Kimuak (2015-14)<\/li>\n<li>Infantilak (2013-12)<\/li>\n<li>Kadeteak (2011-10)<\/li>\n<li>Gazteak (2009-08)<\/li>\n<\/ul>\n<p><iframe loading=\"lazy\" src=\"https:\/\/docs.google.com\/forms\/d\/e\/1FAIpQLScLGbXiwju8ydnnGxWW87ALOivu237oYlJYTuADpwnRCT8xAw\/viewform?embedded=true\" width=\"640\" height=\"2308\" frameborder=\"0\" marginwidth=\"0\" marginheight=\"0\">Cargando\u2026<\/iframe><\/p>\n<div class=\"meSK8 M7eMe\" style=\"text-align: justify;\" role=\"heading\" aria-level=\"2\"><strong><span style=\"font-size: 10pt;\">CAPITULO II &#8211; PERSONAS SOCIAS<\/span><\/strong><\/div>\n<div class=\"meSK8 M7eMe\" style=\"text-align: justify; padding-left: 40px;\" role=\"heading\" aria-level=\"2\"><span style=\"font-size: 10pt;\"><strong>ART\u00cdCULO 5.-<\/strong> Todos los socios y socias del club deportivo son iguales en derechos y deberes, no pudiendo existir disposici\u00f3n alguna que implique o provoque discriminaci\u00f3n por raz\u00f3n de nacimiento, raza, sexo, religi\u00f3n, opini\u00f3n o cualquier otra condici\u00f3n o circunstancia personal o social.<\/span><br \/>\n<span style=\"font-size: 10pt;\"><strong>ART\u00cdCULO 6.-<\/strong> Podr\u00e1n ser miembros del club deportivo las personas que re\u00fanan las siguientes condiciones:<\/span><br \/>\n<span style=\"font-size: 10pt;\">\u00a0 a) Ser mayores de edad.<\/span><br \/>\n<span style=\"font-size: 10pt;\">\u00a0 b) Satisfacer la cuota de ingreso correspondiente.<\/span><br \/>\n<span style=\"font-size: 10pt;\">\u00a0 b) Tener inter\u00e9s en los fines del club deportivo.<\/span><br \/>\n<span style=\"font-size: 10pt;\"><strong>ART\u00cdCULO 7.-<\/strong> El ingreso en el club deportivo ser\u00e1 solicitado mediante escrito dirigido a su Presidente, quien dar\u00e1 cuenta a la Junta Directiva, que acordar\u00e1 acerca de la concurrencia de las condiciones se\u00f1aladas en el art\u00edculo anterior, accediendo o denegando la admisi\u00f3n. Contra esta decisi\u00f3n no se admitir\u00e1 recurso alguno.<\/span><br \/>\n<span style=\"font-size: 10pt;\"><strong>ART\u00cdCULO 8.<\/strong>&#8211; Los socios y socias del club deportivo tendr\u00e1n reconocidos los siguientes derechos:<\/span><br \/>\n<span style=\"font-size: 10pt;\">\u00a0 a) A participar en la consecuci\u00f3n de los fines espec\u00edficos del club deportivo, seg\u00fan lo establecido en la legislaci\u00f3n vigente y en las disposiciones estatutarias, y exigir el cumplimiento de los mismos.<\/span><br \/>\n<span style=\"font-size: 10pt;\">\u00a0 b) Separarse libremente del club deportivo.<\/span><br \/>\n<span style=\"font-size: 10pt;\">\u00a0 c) Conocer las actividades del club deportivo y examinar su documentaci\u00f3n.<\/span><br \/>\n<span style=\"font-size: 10pt;\">\u00a0 d) Expresar libremente sus opiniones en el seno del club deportivo.<\/span><br \/>\n<span style=\"font-size: 10pt;\">\u00a0 e) Ser elector o electora y elegible para los \u00f3rganos de representaci\u00f3n y gobierno, siempre que sea mayor de edad y tenga plena capacidad de obrar.<\/span><br \/>\n<span style=\"font-size: 10pt;\">\u00a0 f) A que se les oiga con car\u00e1cter previo a la adopci\u00f3n de medidas disciplinarias en su contra y a que se les informe de los hechos que den lugar a tales medidas, debiendo ser motivado el acuerdo que, en su caso, imponga la sanci\u00f3n.<\/span><br \/>\n<span style=\"font-size: 10pt;\">\u00a0 g) A impugnar los acuerdos de los \u00f3rganos del club deportivo que estimen contrarios a la Ley o a los estatutos.<\/span><br \/>\n<span style=\"font-size: 10pt;\"><strong>ART\u00cdCULO 9.-<\/strong> Los socios y socias de los clubes deportivos tendr\u00e1n los siguientes deberes:<\/span><br \/>\n<span style=\"font-size: 10pt;\">\u00a0 a) Compartir las finalidades del club deportivo y colaborar para la consecuci\u00f3n de las mismas.<\/span><br \/>\n<span style=\"font-size: 10pt;\">\u00a0 b) Pagar las cuotas, derramas y otras aportaciones que, con arreglo a los estatutos, puedan corresponder a cada socio y socia.<\/span><br \/>\n<span style=\"font-size: 10pt;\">\u00a0 c) Acatar y cumplir los acuerdos v\u00e1lidamente adoptados por los \u00f3rganos del club deportivo.<\/span><br \/>\n<span style=\"font-size: 10pt;\">\u00a0 d) Cumplir con el resto de las obligaciones que resulten de las disposiciones estatutarias y reglamentarias.<\/span><br \/>\n<span style=\"font-size: 10pt;\"><strong>ART\u00cdCULO 10.-<\/strong> La condici\u00f3n de socio\/a se perder\u00e1:<\/span><br \/>\n<span style=\"font-size: 10pt;\">\u00a0 a) Por voluntad propia.<\/span><br \/>\n<span style=\"font-size: 10pt;\">\u00a0 b) Por fallecimiento, o, disoluci\u00f3n de las personas jur\u00eddicas (s\u00ed las hubiera).<\/span><br \/>\n<span style=\"font-size: 10pt;\">\u00a0 c) Por falta de pago de las cuotas sociales dentro del plazo establecido, siempre y cuando <\/span><span style=\"font-size: 10pt;\">no se justifique el motivo de la demora a satisfacci\u00f3n de la Junta Directiva.<\/span><br \/>\n<span style=\"font-size: 10pt;\">\u00a0 d) Por sanci\u00f3n por incumplimiento grave de los deberes emanados de los Estatutos o Reglamentos o por incumplimiento grave de los acuerdos v\u00e1lidamente adoptados por la Asamblea General o Junta Directiva.<\/span><br \/>\n<span style=\"font-size: 10pt;\"><strong>ART\u00cdCULO 11.-<\/strong> Los miembros del club deportivo podr\u00e1n ser objeto de sanci\u00f3n, previa instrucci\u00f3n de expediente y audiencia. Estas sanciones podr\u00e1n comprender desde la p\u00e9rdida de sus derechos de forma temporal, hasta la separaci\u00f3n definitiva del club deportivo.<\/span><\/div>\n<div role=\"heading\" aria-level=\"2\"><\/div>\n<div class=\"meSK8 M7eMe\" style=\"text-align: justify;\" role=\"heading\" aria-level=\"2\"><strong><span style=\"font-size: 10pt;\">PROTECCI\u00d3N DE DATOS<\/span><\/strong><\/div>\n<div class=\"spb5Rd OIC90c\" style=\"text-align: justify; padding-left: 40px;\"><span style=\"font-size: 10pt;\">De conformidad con lo establecido en el Art. 5 de la Ley Org\u00e1nica 15\/1999 de diciembre de Protecci\u00f3n de Datos de Car\u00e1cter Personal, por el que se regula el derecho de informaci\u00f3n en la recogida de datos le informamos de los siguientes extremos:<\/span><br \/>\n<span style=\"font-size: 10pt;\">&#8211; \u00a0 \u00a0 \u00a0Los datos de car\u00e1cter personal que nos ha suministrado en esta y otras comunicaciones mantenidas con usted ser\u00e1n objeto de tratamiento en los ficheros responsabilidad del Club Ciclista Baraka Bike.<\/span><br \/>\n<span style=\"font-size: 10pt;\">&#8211; \u00a0 \u00a0 \u00a0La finalidad del tratamiento es la de gestionar de forma adecuada la prestaci\u00f3n del servicio que nos ha requerido. Asimismo estos datos no ser\u00e1n cedidos a terceros, salvo las cesiones legalmente permitidas.<\/span><br \/>\n<span style=\"font-size: 10pt;\">&#8211; \u00a0 \u00a0 \u00a0Los datos solicitados a trav\u00e9s de esta y otras comunicaciones son de suministro obligatorio para la prestaci\u00f3n del servicio. Estos son adecuados, pertinentes y no excesivos.<\/span><br \/>\n<span style=\"font-size: 10pt;\">&#8211; \u00a0 \u00a0 \u00a0Su negativa a suministrar los datos solicitados implica la imposibilidad prestarle el servicio.<\/span><br \/>\n<span style=\"font-size: 10pt;\">&#8211; \u00a0 \u00a0 \u00a0Asimismo, le informamos de la posibilidad de ejercitar los correspondiente derechos de acceso, rectificaci\u00f3n, cancelaci\u00f3n y oposici\u00f3n de conformidad con lo establecido en la Ley 15\/1999 ante el Club Ciclista Baraka Bike (G-95826780) como responsables del fichero. <\/span><\/div>\n<div class=\"spb5Rd OIC90c\" style=\"text-align: justify;\"><strong><span style=\"font-size: 10pt;\">CLUB CICLISTA BARAKA BIKE<\/span><\/strong><br \/>\n<span style=\"font-size: 10pt;\"><a href=\"mailto:info@barakabike.es\">info@barakabike.es<\/a><\/span><br \/>\n<a href=\"http:\/\/TEL:\/\/34694286709\"><span style=\"font-size: 10pt;\">+34 694286709<\/span><\/a><\/div>\n<p><\/p>\n<!-- AddThis Advanced Settings generic via filter on the_content --><!-- AddThis Share Buttons generic via filter on the_content -->","protected":false},"excerpt":{"rendered":"<p>Ongi etorri KLUBEAN ETA ESKOLAN SARTZEKO ESKAERA orrira. Klubean bazkide gisa sartzeko adin nagusikoa izan behar duzu eta Baraka Bike Txirrindulari Klubeko Bazkide Taldea aukeratu behar duzu. Bike Eskolan sartzeko, ekipoetako bat aukeratu eta formularioa bete beharko duzu adingabearen datuekin. 2024-25 denboraldia Haurrak (2019-18) Benjaminak (2017-16) Kimuak (2015-14) Infantilak (2013-12) Kadeteak (2011-10) Gazteak (2009-08) Cargando\u2026&hellip;<!-- AddThis Advanced Settings generic via filter on get_the_excerpt --><!-- AddThis Share Buttons generic via filter on get_the_excerpt --><\/p>\n","protected":false},"author":2,"featured_media":6150,"parent":0,"menu_order":0,"comment_status":"closed","ping_status":"closed","template":"","meta":{"footnotes":""},"class_list":["post-6062","page","type-page","status-publish","has-post-thumbnail","hentry"],"yoast_head":"<!-- This site is optimized with the Yoast SEO plugin v27.3 - https:\/\/yoast.com\/product\/yoast-seo-wordpress\/ -->\n<title>Klubean edo Eskolan alta emateko eskaera -<\/title>\n<meta name=\"robots\" content=\"index, follow, max-snippet:-1, max-image-preview:large, max-video-preview:-1\" \/>\n<link rel=\"canonical\" href=\"https:\/\/www.barakabike.es\/unete-al-club-eskola\/\" \/>\n<meta property=\"og:locale\" content=\"en_US\" \/>\n<meta property=\"og:type\" content=\"article\" \/>\n<meta property=\"og:title\" content=\"Klubean edo Eskolan alta emateko eskaera -\" \/>\n<meta property=\"og:description\" content=\"Ongi etorri KLUBEAN ETA ESKOLAN SARTZEKO ESKAERA orrira. Klubean bazkide gisa sartzeko adin nagusikoa izan behar duzu eta Baraka Bike Txirrindulari Klubeko Bazkide Taldea aukeratu behar duzu. Bike Eskolan sartzeko, ekipoetako bat aukeratu eta formularioa bete beharko duzu adingabearen datuekin. 2024-25 denboraldia Haurrak (2019-18) Benjaminak (2017-16) Kimuak (2015-14) Infantilak (2013-12) Kadeteak (2011-10) Gazteak (2009-08) Cargando\u2026&hellip;\" \/>\n<meta property=\"og:url\" content=\"https:\/\/www.barakabike.es\/unete-al-club-eskola\/\" \/>\n<meta property=\"article:modified_time\" content=\"2025-05-19T18:56:32+00:00\" \/>\n<meta property=\"og:image\" content=\"https:\/\/www.barakabike.es\/wp-content\/uploads\/2023\/05\/WhatsApp-Image-2023-05-28-at-12.02.34-1.jpeg\" \/>\n\t<meta property=\"og:image:width\" content=\"1024\" \/>\n\t<meta property=\"og:image:height\" content=\"768\" \/>\n\t<meta property=\"og:image:type\" content=\"image\/jpeg\" \/>\n<meta name=\"twitter:card\" content=\"summary_large_image\" \/>\n<meta name=\"twitter:label1\" content=\"Est. reading time\" \/>\n\t<meta name=\"twitter:data1\" content=\"4 minutua\" \/>\n<script type=\"application\/ld+json\" class=\"yoast-schema-graph\">{\"@context\":\"https:\\\/\\\/schema.org\",\"@graph\":[{\"@type\":\"WebPage\",\"@id\":\"https:\\\/\\\/www.barakabike.es\\\/unete-al-club-eskola\\\/\",\"url\":\"https:\\\/\\\/www.barakabike.es\\\/unete-al-club-eskola\\\/\",\"name\":\"[:es]Solicitud de alta en el club o eskola[:eu]Klubean edo Eskolan alta emateko eskaera[:] -\",\"isPartOf\":{\"@id\":\"https:\\\/\\\/www.barakabike.es\\\/#website\"},\"primaryImageOfPage\":{\"@id\":\"https:\\\/\\\/www.barakabike.es\\\/unete-al-club-eskola\\\/#primaryimage\"},\"image\":{\"@id\":\"https:\\\/\\\/www.barakabike.es\\\/unete-al-club-eskola\\\/#primaryimage\"},\"thumbnailUrl\":\"https:\\\/\\\/www.barakabike.es\\\/wp-content\\\/uploads\\\/2023\\\/05\\\/WhatsApp-Image-2023-05-28-at-12.02.34-1.jpeg\",\"datePublished\":\"2023-03-21T08:59:59+00:00\",\"dateModified\":\"2025-05-19T18:56:32+00:00\",\"breadcrumb\":{\"@id\":\"https:\\\/\\\/www.barakabike.es\\\/unete-al-club-eskola\\\/#breadcrumb\"},\"inLanguage\":\"eu\",\"potentialAction\":[{\"@type\":\"ReadAction\",\"target\":[\"https:\\\/\\\/www.barakabike.es\\\/unete-al-club-eskola\\\/\"]}]},{\"@type\":\"ImageObject\",\"inLanguage\":\"eu\",\"@id\":\"https:\\\/\\\/www.barakabike.es\\\/unete-al-club-eskola\\\/#primaryimage\",\"url\":\"https:\\\/\\\/www.barakabike.es\\\/wp-content\\\/uploads\\\/2023\\\/05\\\/WhatsApp-Image-2023-05-28-at-12.02.34-1.jpeg\",\"contentUrl\":\"https:\\\/\\\/www.barakabike.es\\\/wp-content\\\/uploads\\\/2023\\\/05\\\/WhatsApp-Image-2023-05-28-at-12.02.34-1.jpeg\",\"width\":1024,\"height\":768},{\"@type\":\"BreadcrumbList\",\"@id\":\"https:\\\/\\\/www.barakabike.es\\\/unete-al-club-eskola\\\/#breadcrumb\",\"itemListElement\":[{\"@type\":\"ListItem\",\"position\":1,\"name\":\"Portada\",\"item\":\"https:\\\/\\\/www.barakabike.es\\\/\"},{\"@type\":\"ListItem\",\"position\":2,\"name\":\"Solicitud de alta en el club o eskola\"}]},{\"@type\":\"WebSite\",\"@id\":\"https:\\\/\\\/www.barakabike.es\\\/#website\",\"url\":\"https:\\\/\\\/www.barakabike.es\\\/\",\"name\":\"\",\"description\":\"\",\"potentialAction\":[{\"@type\":\"SearchAction\",\"target\":{\"@type\":\"EntryPoint\",\"urlTemplate\":\"https:\\\/\\\/www.barakabike.es\\\/?s={search_term_string}\"},\"query-input\":{\"@type\":\"PropertyValueSpecification\",\"valueRequired\":true,\"valueName\":\"search_term_string\"}}],\"inLanguage\":\"eu\"}]}<\/script>\n<!-- \/ Yoast SEO plugin. -->","yoast_head_json":{"title":"[:es]Solicitud de alta en el club o eskola[:eu]Klubean edo Eskolan alta emateko eskaera[:] -","robots":{"index":"index","follow":"follow","max-snippet":"max-snippet:-1","max-image-preview":"max-image-preview:large","max-video-preview":"max-video-preview:-1"},"canonical":"https:\/\/www.barakabike.es\/unete-al-club-eskola\/","og_locale":"en_US","og_type":"article","og_title":"Klubean edo Eskolan alta emateko eskaera -","og_description":"Ongi etorri KLUBEAN ETA ESKOLAN SARTZEKO ESKAERA orrira. Klubean bazkide gisa sartzeko adin nagusikoa izan behar duzu eta Baraka Bike Txirrindulari Klubeko Bazkide Taldea aukeratu behar duzu. Bike Eskolan sartzeko, ekipoetako bat aukeratu eta formularioa bete beharko duzu adingabearen datuekin. 2024-25 denboraldia Haurrak (2019-18) Benjaminak (2017-16) Kimuak (2015-14) Infantilak (2013-12) Kadeteak (2011-10) Gazteak (2009-08) Cargando\u2026&hellip;","og_url":"https:\/\/www.barakabike.es\/unete-al-club-eskola\/","article_modified_time":"2025-05-19T18:56:32+00:00","og_image":[{"width":1024,"height":768,"url":"https:\/\/www.barakabike.es\/wp-content\/uploads\/2023\/05\/WhatsApp-Image-2023-05-28-at-12.02.34-1.jpeg","type":"image\/jpeg"}],"twitter_card":"summary_large_image","twitter_misc":{"Est. reading time":"4 minutua"},"schema":{"@context":"https:\/\/schema.org","@graph":[{"@type":"WebPage","@id":"https:\/\/www.barakabike.es\/unete-al-club-eskola\/","url":"https:\/\/www.barakabike.es\/unete-al-club-eskola\/","name":"[:es]Solicitud de alta en el club o eskola[:eu]Klubean edo Eskolan alta emateko eskaera[:] -","isPartOf":{"@id":"https:\/\/www.barakabike.es\/#website"},"primaryImageOfPage":{"@id":"https:\/\/www.barakabike.es\/unete-al-club-eskola\/#primaryimage"},"image":{"@id":"https:\/\/www.barakabike.es\/unete-al-club-eskola\/#primaryimage"},"thumbnailUrl":"https:\/\/www.barakabike.es\/wp-content\/uploads\/2023\/05\/WhatsApp-Image-2023-05-28-at-12.02.34-1.jpeg","datePublished":"2023-03-21T08:59:59+00:00","dateModified":"2025-05-19T18:56:32+00:00","breadcrumb":{"@id":"https:\/\/www.barakabike.es\/unete-al-club-eskola\/#breadcrumb"},"inLanguage":"eu","potentialAction":[{"@type":"ReadAction","target":["https:\/\/www.barakabike.es\/unete-al-club-eskola\/"]}]},{"@type":"ImageObject","inLanguage":"eu","@id":"https:\/\/www.barakabike.es\/unete-al-club-eskola\/#primaryimage","url":"https:\/\/www.barakabike.es\/wp-content\/uploads\/2023\/05\/WhatsApp-Image-2023-05-28-at-12.02.34-1.jpeg","contentUrl":"https:\/\/www.barakabike.es\/wp-content\/uploads\/2023\/05\/WhatsApp-Image-2023-05-28-at-12.02.34-1.jpeg","width":1024,"height":768},{"@type":"BreadcrumbList","@id":"https:\/\/www.barakabike.es\/unete-al-club-eskola\/#breadcrumb","itemListElement":[{"@type":"ListItem","position":1,"name":"Portada","item":"https:\/\/www.barakabike.es\/"},{"@type":"ListItem","position":2,"name":"Solicitud de alta en el club o eskola"}]},{"@type":"WebSite","@id":"https:\/\/www.barakabike.es\/#website","url":"https:\/\/www.barakabike.es\/","name":"","description":"","potentialAction":[{"@type":"SearchAction","target":{"@type":"EntryPoint","urlTemplate":"https:\/\/www.barakabike.es\/?s={search_term_string}"},"query-input":{"@type":"PropertyValueSpecification","valueRequired":true,"valueName":"search_term_string"}}],"inLanguage":"eu"}]}},"_links":{"self":[{"href":"https:\/\/www.barakabike.es\/eu\/wp-json\/wp\/v2\/pages\/6062","targetHints":{"allow":["GET"]}}],"collection":[{"href":"https:\/\/www.barakabike.es\/eu\/wp-json\/wp\/v2\/pages"}],"about":[{"href":"https:\/\/www.barakabike.es\/eu\/wp-json\/wp\/v2\/types\/page"}],"author":[{"embeddable":true,"href":"https:\/\/www.barakabike.es\/eu\/wp-json\/wp\/v2\/users\/2"}],"replies":[{"embeddable":true,"href":"https:\/\/www.barakabike.es\/eu\/wp-json\/wp\/v2\/comments?post=6062"}],"version-history":[{"count":11,"href":"https:\/\/www.barakabike.es\/eu\/wp-json\/wp\/v2\/pages\/6062\/revisions"}],"predecessor-version":[{"id":6720,"href":"https:\/\/www.barakabike.es\/eu\/wp-json\/wp\/v2\/pages\/6062\/revisions\/6720"}],"wp:featuredmedia":[{"embeddable":true,"href":"https:\/\/www.barakabike.es\/eu\/wp-json\/wp\/v2\/media\/6150"}],"wp:attachment":[{"href":"https:\/\/www.barakabike.es\/eu\/wp-json\/wp\/v2\/media?parent=6062"}],"curies":[{"name":"wp","href":"https:\/\/api.w.org\/{rel}","templated":true}]}}