{"id":30,"date":"2017-10-30T13:19:25","date_gmt":"2017-10-30T12:19:25","guid":{"rendered":"http:\/\/barakabike.es\/?page_id=30"},"modified":"2018-01-24T11:18:27","modified_gmt":"2018-01-24T10:18:27","slug":"enlaces-de-interes","status":"publish","type":"page","link":"https:\/\/www.barakabike.es\/eu\/enlaces-de-interes\/","title":{"rendered":"Enlaces de inter\u00e9s"},"content":{"rendered":"<ul>\n<li><span style=\"color: #000000;\"><a href=\"http:\/\/www.rfec.com\/\" target=\"_blank\" rel=\"noopener\">Federaci\u00f3n Espa\u00f1ola de Ciclismo<\/a><\/span><\/li>\n<li class=\"r\"><span style=\"color: #000000;\"><a href=\"http:\/\/www.fvascicli.eus\/\" target=\"_blank\" rel=\"noopener\">Federaci\u00f3n Vasca de Ciclismo\/Euskadiko Txirrindularitza Federazioa<\/a><\/span>\n<ul>\n<li><span style=\"color: #000000;\"><a href=\"http:\/\/www.fvascicli.eus\/Publico\/Torneos?Idtorneo=9\" target=\"_blank\" rel=\"noopener\">Circuito XCO Euskadi<\/a><\/span><\/li>\n<li><a href=\"http:\/\/www.fvascicli.eus\/Publico\/Torneos?Idtorneo=14\">Ciruito DH Euskadi<\/a><\/li>\n<\/ul>\n<\/li>\n<li><span style=\"color: #000000;\"><a href=\"https:\/\/www.febici.eus\/\" target=\"_blank\" rel=\"noopener\">Federaci\u00f3n Vizca\u00edna de Ciclismo\/Bizkaiko Txirrindularitza Federakundea<\/a><\/span>\n<ul>\n<li><span style=\"color: #000000;\"><a href=\"https:\/\/www.febici.eus\/es\/pruebas\/escuelas-de-ciclismo.html\" target=\"_blank\" rel=\"noopener\">Escuelas de ciclismo<\/a><\/span><\/li>\n<\/ul>\n<\/li>\n<li><span style=\"color: #000000;\"><a href=\"https:\/\/circuitoprovincialbtt.com\/\" target=\"_blank\" rel=\"noopener\">Circuito provincial de Burgos de BTT<\/a><\/span><\/li>\n<li><span style=\"color: #000000;\"><a href=\"https:\/\/www.kirolprobak.com\/pruebas.php\" target=\"_blank\" rel=\"noopener\">Kirol Probak<\/a><\/span><\/li>\n<li><span style=\"color: #000000;\"><a href=\"https:\/\/www.rockthesport.com\">Rock the Sport<\/a><\/span><\/li>\n<li><a href=\"http:\/\/www.raidabentura.com\/\">Raidabentura<\/a><\/li>\n<li><a href=\"https:\/\/www.spartanrace.es\/es?c3api=2520,%7Bcreative%7D,%7Bkeyword%7D\">Spartan Race<\/a><\/li>\n<li><a href=\"http:\/\/www.txakurkrosliga.com\/\">Euskadiko Txakurkross Liga<\/a><\/li>\n<\/ul>\n<!-- AddThis Advanced Settings generic via filter on the_content --><!-- AddThis Share Buttons generic via filter on the_content -->","protected":false},"excerpt":{"rendered":"<p>Federaci\u00f3n Espa\u00f1ola de Ciclismo Federaci\u00f3n Vasca de Ciclismo\/Euskadiko Txirrindularitza Federazioa Circuito XCO Euskadi Ciruito DH Euskadi Federaci\u00f3n Vizca\u00edna de Ciclismo\/Bizkaiko Txirrindularitza Federakundea Escuelas de ciclismo Circuito provincial de Burgos de BTT Kirol Probak Rock the Sport Raidabentura Spartan Race Euskadiko Txakurkross Liga<!-- AddThis Advanced Settings generic via filter on get_the_excerpt --><!-- AddThis Share Buttons generic via filter on get_the_excerpt --><\/p>\n","protected":false},"author":4,"featured_media":0,"parent":0,"menu_order":0,"comment_status":"closed","ping_status":"closed","template":"","meta":{"footnotes":""},"class_list":["post-30","page","type-page","status-publish","hentry"],"yoast_head":"<!-- This site is optimized with the Yoast SEO plugin v27.3 - https:\/\/yoast.com\/product\/yoast-seo-wordpress\/ -->\n<title>Enlaces de inter\u00e9s -<\/title>\n<meta name=\"robots\" content=\"index, follow, max-snippet:-1, max-image-preview:large, max-video-preview:-1\" \/>\n<link rel=\"canonical\" href=\"https:\/\/www.barakabike.es\/enlaces-de-interes\/\" \/>\n<meta property=\"og:locale\" content=\"en_US\" \/>\n<meta property=\"og:type\" content=\"article\" \/>\n<meta property=\"og:title\" content=\"Enlaces de inter\u00e9s -\" \/>\n<meta property=\"og:description\" content=\"Federaci\u00f3n Espa\u00f1ola de Ciclismo Federaci\u00f3n Vasca de Ciclismo\/Euskadiko Txirrindularitza Federazioa Circuito XCO Euskadi Ciruito DH Euskadi Federaci\u00f3n Vizca\u00edna de Ciclismo\/Bizkaiko Txirrindularitza Federakundea Escuelas de ciclismo Circuito provincial de Burgos de BTT Kirol Probak Rock the Sport Raidabentura Spartan Race Euskadiko Txakurkross Liga\" \/>\n<meta property=\"og:url\" content=\"https:\/\/www.barakabike.es\/enlaces-de-interes\/\" \/>\n<meta property=\"article:modified_time\" content=\"2018-01-24T10:18:27+00:00\" \/>\n<meta name=\"twitter:card\" content=\"summary_large_image\" \/>\n<script type=\"application\/ld+json\" class=\"yoast-schema-graph\">{\"@context\":\"https:\\\/\\\/schema.org\",\"@graph\":[{\"@type\":\"WebPage\",\"@id\":\"https:\\\/\\\/www.barakabike.es\\\/enlaces-de-interes\\\/\",\"url\":\"https:\\\/\\\/www.barakabike.es\\\/enlaces-de-interes\\\/\",\"name\":\"Enlaces de inter\u00e9s -\",\"isPartOf\":{\"@id\":\"https:\\\/\\\/www.barakabike.es\\\/#website\"},\"datePublished\":\"2017-10-30T12:19:25+00:00\",\"dateModified\":\"2018-01-24T10:18:27+00:00\",\"breadcrumb\":{\"@id\":\"https:\\\/\\\/www.barakabike.es\\\/enlaces-de-interes\\\/#breadcrumb\"},\"inLanguage\":\"eu\",\"potentialAction\":[{\"@type\":\"ReadAction\",\"target\":[\"https:\\\/\\\/www.barakabike.es\\\/enlaces-de-interes\\\/\"]}]},{\"@type\":\"BreadcrumbList\",\"@id\":\"https:\\\/\\\/www.barakabike.es\\\/enlaces-de-interes\\\/#breadcrumb\",\"itemListElement\":[{\"@type\":\"ListItem\",\"position\":1,\"name\":\"Portada\",\"item\":\"https:\\\/\\\/www.barakabike.es\\\/\"},{\"@type\":\"ListItem\",\"position\":2,\"name\":\"Enlaces de inter\u00e9s\"}]},{\"@type\":\"WebSite\",\"@id\":\"https:\\\/\\\/www.barakabike.es\\\/#website\",\"url\":\"https:\\\/\\\/www.barakabike.es\\\/\",\"name\":\"\",\"description\":\"\",\"potentialAction\":[{\"@type\":\"SearchAction\",\"target\":{\"@type\":\"EntryPoint\",\"urlTemplate\":\"https:\\\/\\\/www.barakabike.es\\\/?s={search_term_string}\"},\"query-input\":{\"@type\":\"PropertyValueSpecification\",\"valueRequired\":true,\"valueName\":\"search_term_string\"}}],\"inLanguage\":\"eu\"}]}<\/script>\n<!-- \/ Yoast SEO plugin. -->","yoast_head_json":{"title":"Enlaces de inter\u00e9s -","robots":{"index":"index","follow":"follow","max-snippet":"max-snippet:-1","max-image-preview":"max-image-preview:large","max-video-preview":"max-video-preview:-1"},"canonical":"https:\/\/www.barakabike.es\/enlaces-de-interes\/","og_locale":"en_US","og_type":"article","og_title":"Enlaces de inter\u00e9s -","og_description":"Federaci\u00f3n Espa\u00f1ola de Ciclismo Federaci\u00f3n Vasca de Ciclismo\/Euskadiko Txirrindularitza Federazioa Circuito XCO Euskadi Ciruito DH Euskadi Federaci\u00f3n Vizca\u00edna de Ciclismo\/Bizkaiko Txirrindularitza Federakundea Escuelas de ciclismo Circuito provincial de Burgos de BTT Kirol Probak Rock the Sport Raidabentura Spartan Race Euskadiko Txakurkross Liga","og_url":"https:\/\/www.barakabike.es\/enlaces-de-interes\/","article_modified_time":"2018-01-24T10:18:27+00:00","twitter_card":"summary_large_image","schema":{"@context":"https:\/\/schema.org","@graph":[{"@type":"WebPage","@id":"https:\/\/www.barakabike.es\/enlaces-de-interes\/","url":"https:\/\/www.barakabike.es\/enlaces-de-interes\/","name":"Enlaces de inter\u00e9s -","isPartOf":{"@id":"https:\/\/www.barakabike.es\/#website"},"datePublished":"2017-10-30T12:19:25+00:00","dateModified":"2018-01-24T10:18:27+00:00","breadcrumb":{"@id":"https:\/\/www.barakabike.es\/enlaces-de-interes\/#breadcrumb"},"inLanguage":"eu","potentialAction":[{"@type":"ReadAction","target":["https:\/\/www.barakabike.es\/enlaces-de-interes\/"]}]},{"@type":"BreadcrumbList","@id":"https:\/\/www.barakabike.es\/enlaces-de-interes\/#breadcrumb","itemListElement":[{"@type":"ListItem","position":1,"name":"Portada","item":"https:\/\/www.barakabike.es\/"},{"@type":"ListItem","position":2,"name":"Enlaces de inter\u00e9s"}]},{"@type":"WebSite","@id":"https:\/\/www.barakabike.es\/#website","url":"https:\/\/www.barakabike.es\/","name":"","description":"","potentialAction":[{"@type":"SearchAction","target":{"@type":"EntryPoint","urlTemplate":"https:\/\/www.barakabike.es\/?s={search_term_string}"},"query-input":{"@type":"PropertyValueSpecification","valueRequired":true,"valueName":"search_term_string"}}],"inLanguage":"eu"}]}},"_links":{"self":[{"href":"https:\/\/www.barakabike.es\/eu\/wp-json\/wp\/v2\/pages\/30","targetHints":{"allow":["GET"]}}],"collection":[{"href":"https:\/\/www.barakabike.es\/eu\/wp-json\/wp\/v2\/pages"}],"about":[{"href":"https:\/\/www.barakabike.es\/eu\/wp-json\/wp\/v2\/types\/page"}],"author":[{"embeddable":true,"href":"https:\/\/www.barakabike.es\/eu\/wp-json\/wp\/v2\/users\/4"}],"replies":[{"embeddable":true,"href":"https:\/\/www.barakabike.es\/eu\/wp-json\/wp\/v2\/comments?post=30"}],"version-history":[{"count":0,"href":"https:\/\/www.barakabike.es\/eu\/wp-json\/wp\/v2\/pages\/30\/revisions"}],"wp:attachment":[{"href":"https:\/\/www.barakabike.es\/eu\/wp-json\/wp\/v2\/media?parent=30"}],"curies":[{"name":"wp","href":"https:\/\/api.w.org\/{rel}","templated":true}]}}